{"id":948,"date":"2013-06-21T10:38:48","date_gmt":"2013-06-21T09:38:48","guid":{"rendered":"http:\/\/listydoskrecipitki.blog.pl\/?page_id=948"},"modified":"2017-12-09T15:26:12","modified_gmt":"2017-12-09T15:26:12","slug":"prasa-i-radio","status":"publish","type":"page","link":"http:\/\/listydoskrecipitki.zmuszynski.eu\/?page_id=948","title":{"rendered":"PRASA i RADIO"},"content":{"rendered":"<p style=\"text-align: center;\">&#8222;Listy do Skrecipitki&#8221; w prasie, czyli&#8230;<\/p>\n<p style=\"text-align: center;\"><a href=\"http:\/\/listydoskrecipitki.zmuszynski.eu\/?page_id=1428\" target=\"_blank\" rel=\"noopener\">Pisarze.pl &#8211; 13 stycznia 2014<\/a><\/p>\n<p style=\"text-align: center;\"><a href=\"https:\/\/lh6.googleusercontent.com\/-bLy8-AzJZI0\/UtaBY4sOCnI\/AAAAAAAALxA\/7-sz39plJqQ\/w301-h162-no\/pisarze.JPG\"><img loading=\"lazy\" decoding=\"async\" class=\"aligncenter\" src=\"https:\/\/lh6.googleusercontent.com\/-bLy8-AzJZI0\/UtaBY4sOCnI\/AAAAAAAALxA\/7-sz39plJqQ\/w301-h162-no\/pisarze.JPG\" alt=\"\" width=\"301\" height=\"162\" \/><\/a><\/p>\n<p style=\"text-align: center;\"><a href=\"http:\/\/listydoskrecipitki.zmuszynski.eu\/?page_id=1302\" target=\"_blank\" rel=\"noopener\">Dziennik Teatralny &#8211; 29-10-2013<\/a><\/p>\n<p style=\"text-align: center;\">\u00a0<a href=\"http:\/\/listydoskrecipitki.zmuszynski.eu\/?page_id=950\" target=\"_blank\" rel=\"noopener\">Miesi\u0119cznik STOLICA 6-7\/2013<\/a><\/p>\n<p style=\"text-align: center;\"><a href=\"http:\/\/listydoskrecipitki.blog.pl\/prasa\/miesiecznik-stolica-6-72013\/\" target=\"_blank\" rel=\"noopener\"><img loading=\"lazy\" decoding=\"async\" class=\"aligncenter\" src=\"http:\/\/listydoskrecipitki.zmuszynski.eu\/wp-content\/uploads\/2013\/06\/stolica4.jpg\" alt=\"\" width=\"361\" height=\"480\" \/><\/a><\/p>\n<p style=\"text-align: center;\">&#8222;Listy do Skr\u0119cipitki&#8221; w radio, czyli&#8230;<\/p>\n<p style=\"text-align: center;\"><a href=\"http:\/\/listydoskrecipitki.zmuszynski.eu\/?page_id=1049\" target=\"_blank\" rel=\"noopener\">Audycja &#8222;Sygna\u0142y dnia&#8221; z 13 lipca 2013<\/a><\/p>\n<p style=\"text-align: center;\"><a href=\"http:\/\/l24.lt\/templates\/l24\/images\/logo.png\"><img loading=\"lazy\" decoding=\"async\" class=\"aligncenter\" src=\"http:\/\/l24.lt\/templates\/l24\/images\/logo.png\" alt=\"\" width=\"397\" height=\"157\" \/><\/a><\/p>\n<p style=\"text-align: center;\">&#8222;Listy do Skr\u0119cipitki&#8221; okiem Polak\u00f3w z Litwy<\/p>\n<p style=\"text-align: center;\"><a href=\"http:\/\/listydoskrecipitki.zmuszynski.eu\/?page_id=1564\" target=\"_blank\" rel=\"noopener\">Portal Litwa 24\u00a0(9 listopada 2014)<\/a><\/p>\n","protected":false},"excerpt":{"rendered":"<p>&#8222;Listy do Skrecipitki&#8221; w prasie, czyli&#8230; Pisarze.pl &#8211; 13 stycznia 2014 Dziennik Teatralny &#8211; 29-10-2013 \u00a0Miesi\u0119cznik STOLICA 6-7\/2013 &#8222;Listy do Skr\u0119cipitki&#8221; w radio, czyli&#8230; Audycja &#8222;Sygna\u0142y dnia&#8221; z 13 lipca 2013 &#8222;Listy do Skr\u0119cipitki&#8221; okiem Polak\u00f3w z Litwy Portal Litwa 24\u00a0(9 listopada 2014)<\/p>\n","protected":false},"author":1,"featured_media":0,"parent":0,"menu_order":7,"comment_status":"closed","ping_status":"closed","template":"","meta":{"footnotes":""},"class_list":["post-948","page","type-page","status-publish","hentry"],"_links":{"self":[{"href":"http:\/\/listydoskrecipitki.zmuszynski.eu\/index.php?rest_route=\/wp\/v2\/pages\/948","targetHints":{"allow":["GET"]}}],"collection":[{"href":"http:\/\/listydoskrecipitki.zmuszynski.eu\/index.php?rest_route=\/wp\/v2\/pages"}],"about":[{"href":"http:\/\/listydoskrecipitki.zmuszynski.eu\/index.php?rest_route=\/wp\/v2\/types\/page"}],"author":[{"embeddable":true,"href":"http:\/\/listydoskrecipitki.zmuszynski.eu\/index.php?rest_route=\/wp\/v2\/users\/1"}],"replies":[{"embeddable":true,"href":"http:\/\/listydoskrecipitki.zmuszynski.eu\/index.php?rest_route=%2Fwp%2Fv2%2Fcomments&post=948"}],"version-history":[{"count":2,"href":"http:\/\/listydoskrecipitki.zmuszynski.eu\/index.php?rest_route=\/wp\/v2\/pages\/948\/revisions"}],"predecessor-version":[{"id":1913,"href":"http:\/\/listydoskrecipitki.zmuszynski.eu\/index.php?rest_route=\/wp\/v2\/pages\/948\/revisions\/1913"}],"wp:attachment":[{"href":"http:\/\/listydoskrecipitki.zmuszynski.eu\/index.php?rest_route=%2Fwp%2Fv2%2Fmedia&parent=948"}],"curies":[{"name":"wp","href":"https:\/\/api.w.org\/{rel}","templated":true}]}}