{"id":164,"date":"2013-03-02T19:33:31","date_gmt":"2013-03-02T18:33:31","guid":{"rendered":"http:\/\/listydoskrecipitki.blog.pl\/"},"modified":"2018-02-16T12:56:32","modified_gmt":"2018-02-16T12:56:32","slug":"tworcy","status":"publish","type":"page","link":"http:\/\/listydoskrecipitki.zmuszynski.eu\/?page_id=164","title":{"rendered":"Tw\u00f3rcy"},"content":{"rendered":"<h2><strong>Zacharjasz Muszy\u0144ski &#8211; Antoleniek<\/strong><\/h2>\n<p><img loading=\"lazy\" decoding=\"async\" class=\"size-medium wp-image-1927 alignleft\" src=\"http:\/\/listydoskrecipitki.zmuszynski.eu\/wp-content\/uploads\/2017\/12\/zacharjasz2-300x200.jpg\" alt=\"\" width=\"300\" height=\"200\" srcset=\"http:\/\/listydoskrecipitki.zmuszynski.eu\/wp-content\/uploads\/2017\/12\/zacharjasz2-300x200.jpg 300w, http:\/\/listydoskrecipitki.zmuszynski.eu\/wp-content\/uploads\/2017\/12\/zacharjasz2-768x512.jpg 768w, http:\/\/listydoskrecipitki.zmuszynski.eu\/wp-content\/uploads\/2017\/12\/zacharjasz2-1024x682.jpg 1024w, http:\/\/listydoskrecipitki.zmuszynski.eu\/wp-content\/uploads\/2017\/12\/zacharjasz2.jpg 1280w\" sizes=\"auto, (max-width: 300px) 100vw, 300px\" \/>Polski aktor wychowany na Ukrainie. Przodkowie ze strony Ojca byli Polakami. Mieli ziemi\u0119 pod Stanis\u0142awowem (obecnie Iwano-Frankiwsk). Po wkroczeniu wojsk sowieckich 17 wrze\u015bnia 1939 roku i zmianie granic nie zdecydowali si\u0119 na repatriacj\u0119 licz\u0105c, \u017ce to wszystko jest przej\u015bciowe. Ju\u017c jako szesnastolatek wiedzia\u0142, \u017ce chce mieszka\u0107 w Polsce. Uko\u0144czy\u0142 polsk\u0105 szko\u0142\u0119 im. Ksi\u0119dza J\u00f3zefa Tischnera w U\u017cgorodzie, a tak\u017ce szko\u0142y muzyczne na tr\u0105bk\u0119 i fortepian i nast\u0119pnie Akademi\u0119 Teatraln\u0105 w Kijowie.<br \/>\nW Polsce studiowa\u0142 m.in. muzykologi\u0119 w Instytucie im. Adama Mickiewicza w Sanoku i \u015bpiew operowy na wydziale wokalno-aktorskim Akademii Muzycznej w \u0141odzi.<br \/>\n\u015apiewa\u0142 w ch\u00f3rze \u0142\u00f3dzkiego Teatru Wielkiego. Gra w polskich filmach i na scenach polskich teatr\u00f3w.<br \/>\nZagra\u0142 m.in. podw\u00f3jn\u0105 rol\u0119 Mnicha i Endiego w sztuce Piotra Wojew\u00f3dzkiego \u201eHiob\u201d (re\u017c. Marcin Kwa\u015bny), a tak\u017ce Kleonta &#8211; Nauczyciela muzyki\u00a0 w \u201eMieszczanin szlachcicem\u201d J. B. Moli\u00e8re, (re\u017c. David Foulkes).<br \/>\nZagra\u0142 w filmach \u201eW ciemno\u015bci\u201d (re\u017c. Agnieszka Holland), \u201eGenera\u0142 Nil\u201d (re\u017c. Ryszard Bugajski), \u201eMa\u0142a Moskwa\u201d (re\u017c. Waldemar Krzystek), \u201eW ukryciu\u201d (re\u017c. Jan Kidawa-B\u0142o\u0144ski), \u201e\u017bywie Bie\u0142aru\u015b\u201d (re\u017c. Krzysztof \u0141ukaszewicz), a ostatnio w filmach \u201eHistoria Roja\u201d (re\u017c. Jerzy Zalewski), \u201eNiewinne\u201d (re\u017c. Anne Fontaine) oraz \u201eWo\u0142y\u0144\u201d (re\u017c. Wojciech Smarzowski).<br \/>\nWyst\u0105pi\u0142 w wielu telenowelach i serialach wyprodukowanych w ostatnich latach: \u201eKomisarz Alex\u201d, \u201eOjciec Mateusz\u201d, \u201eKlan\u201d, \u201eNa dobre i na z\u0142e\u201d, \u201eZ\u0142otopolscy\u201d, \u201eKryminalni\u201d, \u201eNa Wsp\u00f3lnej\u201d, \u201ePierwsza mi\u0142o\u015b\u0107\u201d, \u201eBodo\u201d,\u00a0 \u201eKomisja morderstw\u201d oraz\u00a0 ostatnio \u201eBarwy szcz\u0119\u015bcia\u201d.<br \/>\nWi\u0119cej: \u00a0<a href=\"http:\/\/zmuszynski.eu\" target=\"_blank\" rel=\"noopener\">http:\/\/zmuszynski.eu<\/a><\/p>\n<h2><strong>Ma\u0142gorzata Szyszka &#8211; re\u017cyseria<\/strong><\/h2>\n<p><a href=\"http:\/\/listydoskrecipitki.zmuszynski.eu\/wp-content\/uploads\/2013\/03\/malgosia.jpg\"><img loading=\"lazy\" decoding=\"async\" class=\"alignright wp-image-815\" src=\"http:\/\/listydoskrecipitki.zmuszynski.eu\/wp-content\/uploads\/2013\/03\/malgosia.jpg\" alt=\"\" width=\"614\" height=\"422\" \/><\/a><\/p>\n<p><img loading=\"lazy\" decoding=\"async\" class=\"size-medium wp-image-1928\" src=\"http:\/\/listydoskrecipitki.zmuszynski.eu\/wp-content\/uploads\/2017\/12\/malgosia-300x206.jpg\" alt=\"\" width=\"300\" height=\"206\" srcset=\"http:\/\/listydoskrecipitki.zmuszynski.eu\/wp-content\/uploads\/2017\/12\/malgosia-300x206.jpg 300w, http:\/\/listydoskrecipitki.zmuszynski.eu\/wp-content\/uploads\/2017\/12\/malgosia-768x528.jpg 768w, http:\/\/listydoskrecipitki.zmuszynski.eu\/wp-content\/uploads\/2017\/12\/malgosia.jpg 1024w\" sizes=\"auto, (max-width: 300px) 100vw, 300px\" \/><\/p>\n<p>Uzyska\u0142a dyplom re\u017cysera (ZASP 2004), absolwentka Wydzia\u0142u Wiedzy o Teatrze Akademii Teatralnej im. A. Zelwerowicza w Warszawie, Papieskiego Wydzia\u0142u Teologicznego im. Jana Chrzciciela, stypendystka Ministra Kultury i Dziedzictwa Narodowego, Polskiego Instytutu Sztuki Filmowej, Miasta St. Warszawy. Prowadzi w\u0142asny teatr, w ramach dzia\u0142alno\u015bci kt\u00f3rego mi\u0119dzy innymi wyre\u017cyserowa\u0142a na podstawie opowiada\u0144 F. Dostojewskiego &#8211; <em>Dwa razy dwa &#8211; cztery, czyli wszystko, co pi\u0119kne i wznios\u0142e.<\/em> Produkcja ta nagrodzona zosta\u0142a podczas 32. OFTJA we Wroc\u0142awiu. Od paru lat zajmuje si\u0119 tak\u017ce re\u017cyseri\u0105 film\u00f3w i reporta\u017cy tj. <em>\u015aladami Herberta po Lwowie, \u015aladami Dostojewskiego po St. Petersburgu, Ukrai\u0144ska Dumka Fryderyka Chopina, Beryszo\u0144skim Szlakiem Fryderyka Chopina, Tropami Grotowskiego po Meksyku: Amecameca i Nie zatrzymujcie si\u0119 \u2026<\/em><em><br \/>\n<\/em>Wi\u0119cej: <a href=\"http:\/\/www.dziwierz.art.pl\/\" target=\"_blank\" rel=\"noopener\">http:\/\/www.dziwierz.art.pl<\/a> i <a href=\"http:\/\/www.szyszka.art.pl\/\" target=\"_blank\" rel=\"noopener\">http:\/\/www.szyszka.art.pl<\/a><\/p>\n<h2 style=\"font-size: 25.55555534362793px; line-height: 27.77777862548828px; letter-spacing: normal;\"><strong>Ma\u0142gorzata Karolina Piekarska &#8211; scenariusz\u00a0<\/strong><\/h2>\n<p><img loading=\"lazy\" decoding=\"async\" class=\"size-medium wp-image-1929 alignleft\" src=\"http:\/\/listydoskrecipitki.zmuszynski.eu\/wp-content\/uploads\/2017\/12\/Malgorzata_Piekarska_20130517__JLK0672-300x200.jpg\" alt=\"\" width=\"300\" height=\"200\" srcset=\"http:\/\/listydoskrecipitki.zmuszynski.eu\/wp-content\/uploads\/2017\/12\/Malgorzata_Piekarska_20130517__JLK0672-300x200.jpg 300w, http:\/\/listydoskrecipitki.zmuszynski.eu\/wp-content\/uploads\/2017\/12\/Malgorzata_Piekarska_20130517__JLK0672-768x512.jpg 768w, http:\/\/listydoskrecipitki.zmuszynski.eu\/wp-content\/uploads\/2017\/12\/Malgorzata_Piekarska_20130517__JLK0672.jpg 1024w\" sizes=\"auto, (max-width: 300px) 100vw, 300px\" \/>Pisarka i dziennikarka z wykszta\u0142cenia historyk sztuki, a z zami\u0142owania varsavianistka i zapalona blogerka.<br \/>\nWsp\u00f3\u0142pracuje z TVP, gdzie emitowane s\u0105 jej reporta\u017ce. Jest zwi\u0105zana z TVP Warszawa, a szczeg\u00f3lnie z najstarszym programem informacyjnym Telewizji Polskiej &#8211;\u00a0 \u201eTelewizyjnym Kurierem Warszawskim\u201d. Na antenie TVP realizowa\u0142a programy autorskie m.in. : \u201eD\u017cingiel\u201d, \u201eWiarus\u201d, \u201eDetektyw warszawski, czyli na tropie miejskich tajemnic\u201d. Dla TVP zrealizowa\u0142a kilkadziesi\u0105t film\u00f3w dokumentalnych i reporta\u017cy.<br \/>\nPrzez 12 lat wsp\u00f3\u0142pracowa\u0142a z dwutygodnikiem \u201eCogito\u201d. Publikowane tam felietony \u201eWzrockowisko\u201d ukaza\u0142y si\u0119 drukiem, jako ksi\u0105\u017cka.<br \/>\nOpublikowa\u0142a cztery powie\u015bci dla m\u0142odzie\u017cy (\u201eKlasa pani Czajki\u201d, \u201eTropiciele\u201d, \u201eDzika\u201d i \u201eLO-teria\u201d), kt\u00f3rych akcja rozgrywa si\u0119 na Saskiej K\u0119pie, gdzie sama mieszka i sk\u0105d pochodz\u0105 jej przodkowie. W\u015br\u00f3d nich pradziadkowie: Antoni Adamski (zwany Antole\u0144kiem) i Leokadia Karolina z Przybytkowskich Adamska, czyli&#8230; autor list\u00f3w i ich adresatka &#8211; tytu\u0142owa Skr\u0119cipitka.<br \/>\nWyda\u0142a te\u017c dokumentaln\u0105 ksi\u0105\u017ck\u0119 \u201eDziewi\u0119tnastoletni marynarz\u201d\u2013 zbi\u00f3r list\u00f3w ze Szko\u0142y Morskiej w Tczewie pisanych przez jej stryjecznego dziadka Zbigniewa Piekarskiego.<br \/>\nWi\u0119cej: <a href=\"http:\/\/piekarska.com.pl\/\">http:\/\/piekarska.com.pl\/<\/a>\u00a0i\u00a0<a href=\"http:\/\/blog.piekarska.com.pl\/\" target=\"_blank\" rel=\"noopener\">http:\/\/blog.piekarska.com.pl\/<\/a><\/p>\n","protected":false},"excerpt":{"rendered":"<p>Zacharjasz Muszy\u0144ski &#8211; Antoleniek Polski aktor wychowany na Ukrainie. Przodkowie ze strony Ojca byli Polakami. Mieli ziemi\u0119 pod Stanis\u0142awowem (obecnie Iwano-Frankiwsk). Po wkroczeniu wojsk sowieckich 17 wrze\u015bnia 1939 roku i zmianie granic nie zdecydowali si\u0119 na repatriacj\u0119 licz\u0105c, \u017ce to wszystko jest przej\u015bciowe. Ju\u017c jako szesnastolatek wiedzia\u0142, \u017ce chce mieszka\u0107 w Polsce. Uko\u0144czy\u0142 polsk\u0105 szko\u0142\u0119 &hellip; <\/p>\n<p class=\"link-more\"><a href=\"http:\/\/listydoskrecipitki.zmuszynski.eu\/?page_id=164\" class=\"more-link\">Czytaj dalej<span class=\"screen-reader-text\"> \u201eTw\u00f3rcy\u201d<\/span><\/a><\/p>\n","protected":false},"author":1,"featured_media":0,"parent":0,"menu_order":2,"comment_status":"closed","ping_status":"closed","template":"","meta":{"footnotes":""},"class_list":["post-164","page","type-page","status-publish","hentry"],"_links":{"self":[{"href":"http:\/\/listydoskrecipitki.zmuszynski.eu\/index.php?rest_route=\/wp\/v2\/pages\/164","targetHints":{"allow":["GET"]}}],"collection":[{"href":"http:\/\/listydoskrecipitki.zmuszynski.eu\/index.php?rest_route=\/wp\/v2\/pages"}],"about":[{"href":"http:\/\/listydoskrecipitki.zmuszynski.eu\/index.php?rest_route=\/wp\/v2\/types\/page"}],"author":[{"embeddable":true,"href":"http:\/\/listydoskrecipitki.zmuszynski.eu\/index.php?rest_route=\/wp\/v2\/users\/1"}],"replies":[{"embeddable":true,"href":"http:\/\/listydoskrecipitki.zmuszynski.eu\/index.php?rest_route=%2Fwp%2Fv2%2Fcomments&post=164"}],"version-history":[{"count":5,"href":"http:\/\/listydoskrecipitki.zmuszynski.eu\/index.php?rest_route=\/wp\/v2\/pages\/164\/revisions"}],"predecessor-version":[{"id":2032,"href":"http:\/\/listydoskrecipitki.zmuszynski.eu\/index.php?rest_route=\/wp\/v2\/pages\/164\/revisions\/2032"}],"wp:attachment":[{"href":"http:\/\/listydoskrecipitki.zmuszynski.eu\/index.php?rest_route=%2Fwp%2Fv2%2Fmedia&parent=164"}],"curies":[{"name":"wp","href":"https:\/\/api.w.org\/{rel}","templated":true}]}}